{"id":738,"date":"2016-08-01T07:55:08","date_gmt":"2016-08-01T07:55:08","guid":{"rendered":"https:\/\/manggis.mallinidesign.com\/?page_id=2"},"modified":"2023-10-03T15:59:29","modified_gmt":"2023-10-03T15:59:29","slug":"about","status":"publish","type":"page","link":"https:\/\/modernart-akeret.ch\/?page_id=738","title":{"rendered":"Uber Adilma Akeret"},"content":{"rendered":"<p>Adilma Mar\u00eda Akeret <br \/>Sie ist eine K\u00fcnstlerin aus Brasilien (wohnhaft in der Schweiz seit 1982)<br \/>Universit\u00e4t Cat\u00f3lica von Salvador Brasilien, Kunst und Historie der Kunst.<br \/>Universit\u00e4t Cat\u00f3lica von Salvador Brasilien Studium, als Sozial P\u00e4dagogin,<br \/>Kunst Kurs Den Haag Lian Collot d`Herbois.<br \/>In der Schweiz \u00a0Seminare bei verschiedenen Malern.<br \/>Einzel und Gruppenausstellungen .<\/p>\n<p>.<\/p>\n<div id='gallery-1' class='gallery galleryid-738 gallery-columns-3 gallery-size-medium'><dl class='gallery-item'>\n\t\t\t<dt class='gallery-icon portrait'>\n\t\t\t\t<img loading=\"lazy\" decoding=\"async\" width=\"288\" height=\"300\" src=\"https:\/\/modernart-akeret.ch\/wp-content\/uploads\/2023\/05\/6-288x300.png\" class=\"attachment-medium size-medium\" alt=\"\" srcset=\"https:\/\/modernart-akeret.ch\/wp-content\/uploads\/2023\/05\/6-288x300.png 288w, https:\/\/modernart-akeret.ch\/wp-content\/uploads\/2023\/05\/6-983x1024.png 983w, https:\/\/modernart-akeret.ch\/wp-content\/uploads\/2023\/05\/6-768x800.png 768w, https:\/\/modernart-akeret.ch\/wp-content\/uploads\/2023\/05\/6-800x833.png 800w, https:\/\/modernart-akeret.ch\/wp-content\/uploads\/2023\/05\/6.png 1200w\" sizes=\"auto, (max-width: 288px) 100vw, 288px\" \/>\n\t\t\t<\/dt><\/dl><dl class='gallery-item'>\n\t\t\t<dt class='gallery-icon portrait'>\n\t\t\t\t<img loading=\"lazy\" decoding=\"async\" width=\"200\" height=\"300\" src=\"https:\/\/modernart-akeret.ch\/wp-content\/uploads\/2023\/05\/IMG_7026-200x300.jpg\" class=\"attachment-medium size-medium\" alt=\"\" srcset=\"https:\/\/modernart-akeret.ch\/wp-content\/uploads\/2023\/05\/IMG_7026-200x300.jpg 200w, https:\/\/modernart-akeret.ch\/wp-content\/uploads\/2023\/05\/IMG_7026-683x1024.jpg 683w, https:\/\/modernart-akeret.ch\/wp-content\/uploads\/2023\/05\/IMG_7026-768x1151.jpg 768w, https:\/\/modernart-akeret.ch\/wp-content\/uploads\/2023\/05\/IMG_7026-1025x1536.jpg 1025w, https:\/\/modernart-akeret.ch\/wp-content\/uploads\/2023\/05\/IMG_7026-800x1199.jpg 800w, https:\/\/modernart-akeret.ch\/wp-content\/uploads\/2023\/05\/IMG_7026.jpg 1200w\" sizes=\"auto, (max-width: 200px) 100vw, 200px\" \/>\n\t\t\t<\/dt><\/dl><dl class='gallery-item'>\n\t\t\t<dt class='gallery-icon portrait'>\n\t\t\t\t<img loading=\"lazy\" decoding=\"async\" width=\"289\" height=\"300\" src=\"https:\/\/modernart-akeret.ch\/wp-content\/uploads\/2023\/05\/9-289x300.png\" class=\"attachment-medium size-medium\" alt=\"\" aria-describedby=\"gallery-1-1104\" srcset=\"https:\/\/modernart-akeret.ch\/wp-content\/uploads\/2023\/05\/9-289x300.png 289w, https:\/\/modernart-akeret.ch\/wp-content\/uploads\/2023\/05\/9-768x798.png 768w, https:\/\/modernart-akeret.ch\/wp-content\/uploads\/2023\/05\/9.png 800w\" sizes=\"auto, (max-width: 289px) 100vw, 289px\" \/>\n\t\t\t<\/dt>\n\t\t\t\t<dd class='wp-caption-text gallery-caption' id='gallery-1-1104'>\n\t\t\t\tSolid\u00e3o\n\t\t\t\t<\/dd><\/dl><br style=\"clear: both\" \/>\n\t\t<\/div>\n\n<p class=\"p1\" style=\"margin: 0cm;\">Ausstellungen:<br \/>-Z\u00fcrich ART TALENTS 2022<br \/>-Salvador-Brasilien, 2021<br \/>&#8211; Lissabon Art, 2020<br \/>\u2022Z\u00fcrich, ART TALENTS, 2019<br \/>\u2022Z\u00fcrich , HILTON HOTEL, 2019<br \/>\u2022 New York City, 2018<br \/>\u2022New York City, 2017<br \/>\u2022Tertianum Zollikerberg, 2017<br \/>\u2022Gemeinde Opfkon -Glattbrugg,2017<br \/>\u2022 Forum Opfikon-Glattbrugg, 2016<br \/>\u2022 S\u00e3o Paulo, 2016 <br \/>\u2022 S\u00e3o Paulo, 2015<br \/>\u2022Z\u00fcrich Art , 2014<br \/>\u2022 Buenos Aires, 2012<br \/>\u2022 Porto, 2007 (Portugal)<br \/>\u2022 Salvador, 2006<br \/>\u2022Salvador, Bahia , 2004<br \/>\u2022Salvador Bahia\u00a02003\/2002\/2001<\/p>\n\n\n<figure class=\"wp-block-image size-full is-resized\"><img loading=\"lazy\" decoding=\"async\" src=\"https:\/\/modernart-akeret.ch\/wp-content\/uploads\/2023\/10\/a.jpg\" alt=\"\" class=\"wp-image-1222\" style=\"width:1009px;height:679px\" width=\"1009\" height=\"679\" srcset=\"https:\/\/modernart-akeret.ch\/wp-content\/uploads\/2023\/10\/a.jpg 828w, https:\/\/modernart-akeret.ch\/wp-content\/uploads\/2023\/10\/a-300x202.jpg 300w, https:\/\/modernart-akeret.ch\/wp-content\/uploads\/2023\/10\/a-768x517.jpg 768w, https:\/\/modernart-akeret.ch\/wp-content\/uploads\/2023\/10\/a-800x538.jpg 800w\" sizes=\"auto, (max-width: 1009px) 100vw, 1009px\" \/><\/figure>\n","protected":false},"excerpt":{"rendered":"<p>Adilma Mar\u00eda Akeret Sie ist eine K\u00fcnstlerin aus Brasilien (wohnhaft in der Schweiz seit 1982)Universit\u00e4t Cat\u00f3lica von Salvador Brasilien, Kunst und Historie der Kunst.Universit\u00e4t Cat\u00f3lica von Salvador Brasilien Studium, als Sozial P\u00e4dagogin,Kunst Kurs Den Haag Lian Collot d`Herbois.In der Schweiz \u00a0Seminare bei verschiedenen Malern.Einzel und Gruppenausstellungen . . Ausstellungen:-Z\u00fcrich ART TALENTS 2022-Salvador-Brasilien, 2021&#8211; Lissabon Art, [&hellip;]<\/p>\n","protected":false},"author":1,"featured_media":1222,"parent":0,"menu_order":0,"comment_status":"closed","ping_status":"closed","template":"","meta":{"footnotes":""},"class_list":["post-738","page","type-page","status-publish","has-post-thumbnail","hentry","has-thumbnail"],"_links":{"self":[{"href":"https:\/\/modernart-akeret.ch\/index.php?rest_route=\/wp\/v2\/pages\/738","targetHints":{"allow":["GET"]}}],"collection":[{"href":"https:\/\/modernart-akeret.ch\/index.php?rest_route=\/wp\/v2\/pages"}],"about":[{"href":"https:\/\/modernart-akeret.ch\/index.php?rest_route=\/wp\/v2\/types\/page"}],"author":[{"embeddable":true,"href":"https:\/\/modernart-akeret.ch\/index.php?rest_route=\/wp\/v2\/users\/1"}],"replies":[{"embeddable":true,"href":"https:\/\/modernart-akeret.ch\/index.php?rest_route=%2Fwp%2Fv2%2Fcomments&post=738"}],"version-history":[{"count":7,"href":"https:\/\/modernart-akeret.ch\/index.php?rest_route=\/wp\/v2\/pages\/738\/revisions"}],"predecessor-version":[{"id":1225,"href":"https:\/\/modernart-akeret.ch\/index.php?rest_route=\/wp\/v2\/pages\/738\/revisions\/1225"}],"wp:featuredmedia":[{"embeddable":true,"href":"https:\/\/modernart-akeret.ch\/index.php?rest_route=\/wp\/v2\/media\/1222"}],"wp:attachment":[{"href":"https:\/\/modernart-akeret.ch\/index.php?rest_route=%2Fwp%2Fv2%2Fmedia&parent=738"}],"curies":[{"name":"wp","href":"https:\/\/api.w.org\/{rel}","templated":true}]}}